{"id":12,"date":"2019-01-06T22:25:10","date_gmt":"2019-01-06T21:25:10","guid":{"rendered":"http:\/\/osteolana.fr\/?page_id=12"},"modified":"2025-04-01T09:45:19","modified_gmt":"2025-04-01T07:45:19","slug":"accueil","status":"publish","type":"page","link":"https:\/\/osteolana.fr\/","title":{"rendered":"Accueil"},"content":{"rendered":"\n<p class=\"has-text-align-center\"><span style=\"font-size: 18pt;\">Faites appel \u00e0 l&rsquo;<span style=\"color: #65a693;\"><strong>ost\u00e9opathie<\/strong><\/span> et diminuez vos <strong>arr\u00eats de travail avec<\/strong> <span style=\"color: #65a693;\"><strong>OSTEOLANA, <\/strong><\/span><strong>un service national <\/strong>d\u00e9di\u00e9 \u00e0 l&rsquo;entreprise<\/span><\/p>\n<p>&nbsp;<\/p>\n\n\n\n<div class=\"wp-block-columns is-layout-flex wp-container-core-columns-is-layout-2 wp-block-columns-is-layout-flex\">\n<div class=\"wp-block-column is-layout-flow wp-block-column-is-layout-flow\">\n<div class=\"wp-block-columns is-layout-flex wp-container-core-columns-is-layout-1 wp-block-columns-is-layout-flex\">\n<div class=\"wp-block-column is-layout-flow wp-block-column-is-layout-flow\">\n<div class=\"wp-block-group\"><div class=\"wp-block-group__inner-container is-layout-constrained wp-block-group-is-layout-constrained\"><div class=\"wp-block-image\">\n<figure class=\"aligncenter size-full is-resized\"><img loading=\"lazy\" decoding=\"async\" width=\"430\" height=\"441\" src=\"https:\/\/osteolana.fr\/wp-content\/uploads\/2023\/01\/image-massage.png\" alt=\"\" class=\"wp-image-404\" style=\"width:119px;height:121px\" srcset=\"https:\/\/osteolana.fr\/wp-content\/uploads\/2023\/01\/image-massage.png 430w, https:\/\/osteolana.fr\/wp-content\/uploads\/2023\/01\/image-massage-293x300.png 293w, https:\/\/osteolana.fr\/wp-content\/uploads\/2023\/01\/image-massage-360x369.png 360w, https:\/\/osteolana.fr\/wp-content\/uploads\/2023\/01\/image-massage-250x256.png 250w, https:\/\/osteolana.fr\/wp-content\/uploads\/2023\/01\/image-massage-100x103.png 100w\" sizes=\"(max-width: 430px) 100vw, 430px\" \/><\/figure><\/div><\/div><\/div>\n<\/div>\n\n\n\n<div class=\"wp-block-column is-layout-flow wp-block-column-is-layout-flow\">\n<div class=\"wp-block-group\"><div class=\"wp-block-group__inner-container is-layout-constrained wp-block-group-is-layout-constrained\"><div class=\"wp-block-image\">\n<figure class=\"aligncenter size-full is-resized\"><img loading=\"lazy\" decoding=\"async\" width=\"870\" height=\"796\" src=\"https:\/\/osteolana.fr\/wp-content\/uploads\/2023\/01\/icone-entreprise-2.png\" alt=\"\" class=\"wp-image-449\" style=\"width:116px;height:106px\" srcset=\"https:\/\/osteolana.fr\/wp-content\/uploads\/2023\/01\/icone-entreprise-2.png 870w, https:\/\/osteolana.fr\/wp-content\/uploads\/2023\/01\/icone-entreprise-2-300x274.png 300w, https:\/\/osteolana.fr\/wp-content\/uploads\/2023\/01\/icone-entreprise-2-768x703.png 768w, https:\/\/osteolana.fr\/wp-content\/uploads\/2023\/01\/icone-entreprise-2-700x640.png 700w, https:\/\/osteolana.fr\/wp-content\/uploads\/2023\/01\/icone-entreprise-2-520x476.png 520w, https:\/\/osteolana.fr\/wp-content\/uploads\/2023\/01\/icone-entreprise-2-360x329.png 360w, https:\/\/osteolana.fr\/wp-content\/uploads\/2023\/01\/icone-entreprise-2-250x229.png 250w, https:\/\/osteolana.fr\/wp-content\/uploads\/2023\/01\/icone-entreprise-2-100x91.png 100w\" sizes=\"(max-width: 870px) 100vw, 870px\" \/><figcaption class=\"wp-element-caption\"> <\/figcaption><\/figure><\/div><\/div><\/div>\n<\/div>\n\n\n\n<div class=\"wp-block-column is-layout-flow wp-block-column-is-layout-flow\">\n<div class=\"wp-block-group\"><div class=\"wp-block-group__inner-container is-layout-constrained wp-block-group-is-layout-constrained\"><div class=\"wp-block-image\">\n<figure class=\"aligncenter size-full is-resized\"><img loading=\"lazy\" decoding=\"async\" width=\"605\" height=\"801\" src=\"https:\/\/osteolana.fr\/wp-content\/uploads\/2023\/01\/icone-travail.png\" alt=\"\" class=\"wp-image-426\" style=\"width:70px;height:92px\" srcset=\"https:\/\/osteolana.fr\/wp-content\/uploads\/2023\/01\/icone-travail.png 605w, https:\/\/osteolana.fr\/wp-content\/uploads\/2023\/01\/icone-travail-227x300.png 227w, https:\/\/osteolana.fr\/wp-content\/uploads\/2023\/01\/icone-travail-520x688.png 520w, https:\/\/osteolana.fr\/wp-content\/uploads\/2023\/01\/icone-travail-360x477.png 360w, https:\/\/osteolana.fr\/wp-content\/uploads\/2023\/01\/icone-travail-250x331.png 250w, https:\/\/osteolana.fr\/wp-content\/uploads\/2023\/01\/icone-travail-100x132.png 100w\" sizes=\"(max-width: 605px) 100vw, 605px\" \/><\/figure><\/div><\/div><\/div>\n<\/div>\n<\/div>\n<\/div>\n<\/div>\n\n\n\n<div class=\"wp-block-columns is-layout-flex wp-container-core-columns-is-layout-3 wp-block-columns-is-layout-flex\">\n<div class=\"wp-block-column is-layout-flow wp-block-column-is-layout-flow\">\n<p style=\"text-align: center;\"><span style=\"font-size: 12pt; font-family: verdana, geneva, sans-serif;\">Une d\u00e9marche pr\u00e9ventive et curative<\/span><\/p>\n<\/div>\n\n\n\n<div class=\"wp-block-column is-layout-flow wp-block-column-is-layout-flow\">\n<p style=\"text-align: center;\"><span style=\"font-family: verdana, geneva, sans-serif; font-size: 12pt;\">Un atout \u00e9conomique pour l&rsquo;entreprise<\/span><\/p>\n<\/div>\n\n\n\n<div class=\"wp-block-column is-layout-flow wp-block-column-is-layout-flow\">\n<p style=\"text-align: center;\"><span style=\"font-family: verdana, geneva, sans-serif; font-size: 12pt;\">Facilit\u00e9 d&rsquo;acc\u00e8s aux soins<\/span><\/p>\n<\/div>\n<\/div>\n\n\n<h2 style=\"text-align: justify;\"><span style=\"font-family: verdana, geneva, sans-serif; font-size: 10pt;\">Les troubles musculo-squelettiques, le stress et le burn out sont des motifs de consultation souvent rencontr\u00e9s dans le milieu de l&rsquo;entreprise. L&rsquo;ost\u00e9opathie est un alli\u00e9 pour les employ\u00e9s afin d&rsquo;am\u00e9liorer leur bien \u00eatre dans le monde du travail.<\/span><\/h2>\n<\/p>\n<\/p>\n<p><span style=\"font-size: 14pt;\"><span style=\"font-family: verdana, geneva, sans-serif; color: #333333;\"><strong><img loading=\"lazy\" decoding=\"async\" class=\"alignnone  wp-image-418\" src=\"https:\/\/osteolana.fr\/wp-content\/uploads\/2023\/01\/icone-ok-300x300.png\" alt=\"\" width=\"23\" height=\"23\" srcset=\"https:\/\/osteolana.fr\/wp-content\/uploads\/2023\/01\/icone-ok-300x300.png 300w, https:\/\/osteolana.fr\/wp-content\/uploads\/2023\/01\/icone-ok-150x150.png 150w, https:\/\/osteolana.fr\/wp-content\/uploads\/2023\/01\/icone-ok-250x251.png 250w, https:\/\/osteolana.fr\/wp-content\/uploads\/2023\/01\/icone-ok-100x100.png 100w, https:\/\/osteolana.fr\/wp-content\/uploads\/2023\/01\/icone-ok.png 342w\" sizes=\"(max-width: 23px) 100vw, 23px\" \/> LE SERVICE D&rsquo;OSTEOPATHIE EN ENTREPRISE<\/strong><\/span><span style=\"color: #61ab9b; font-family: verdana, geneva, sans-serif;\"><strong> OSTEOLANA<\/strong><\/span><\/span><\/p>\n\n\n<div class=\"wp-block-columns is-layout-flex wp-container-core-columns-is-layout-4 wp-block-columns-is-layout-flex\">\n<div class=\"wp-block-column is-layout-flow wp-block-column-is-layout-flow\">\n<p><img loading=\"lazy\" decoding=\"async\" class=\"wp-image-369 aligncenter\" src=\"https:\/\/osteolana.fr\/wp-content\/uploads\/2023\/01\/ICONE-300x295.png\" alt=\"\" width=\"83\" height=\"81\" srcset=\"https:\/\/osteolana.fr\/wp-content\/uploads\/2023\/01\/ICONE-300x295.png 300w, https:\/\/osteolana.fr\/wp-content\/uploads\/2023\/01\/ICONE-520x512.png 520w, https:\/\/osteolana.fr\/wp-content\/uploads\/2023\/01\/ICONE-360x354.png 360w, https:\/\/osteolana.fr\/wp-content\/uploads\/2023\/01\/ICONE-250x246.png 250w, https:\/\/osteolana.fr\/wp-content\/uploads\/2023\/01\/ICONE-100x98.png 100w, https:\/\/osteolana.fr\/wp-content\/uploads\/2023\/01\/ICONE.png 553w\" sizes=\"(max-width: 83px) 100vw, 83px\" \/><\/p>\n<p><span style=\"color: #5a9c91;\"><span style=\"font-family: verdana, geneva, sans-serif; font-size: 12pt;\"><strong>L&rsquo;ost\u00e9opathie, un atout pour l&rsquo;entreprise<\/strong><\/span><\/span><\/p>\n<ul style=\"list-style-type: circle;\">\n<li class=\"fusion-li-item-content\" style=\"text-align: justify;\"><span style=\"font-family: verdana, geneva, sans-serif; font-size: 10pt;\">Diminution de l\u2019absent\u00e9isme et du turn-over.<\/span><\/li>\n<li class=\"fusion-li-item-content\" style=\"text-align: justify;\"><span style=\"font-family: verdana, geneva, sans-serif; font-size: 10pt;\">Diminutions des co\u00fbts li\u00e9s aux arr\u00eats de travail.<\/span><\/li>\n<li class=\"fusion-li-item-content\" style=\"text-align: justify;\"><span style=\"font-size: 10pt; font-family: verdana, geneva, sans-serif;\">Diminution des arr\u00eats de travail.<\/span><\/li>\n<li class=\"fusion-li-item-content\" style=\"text-align: justify;\"><span style=\"font-size: 10pt; font-family: verdana, geneva, sans-serif;\">Augmentation de la productivit\u00e9 de l\u2019entreprise.<\/span><\/li>\n<li class=\"fusion-li-item-content\" style=\"text-align: justify;\"><span style=\"font-family: verdana, geneva, sans-serif; font-size: 10pt;\">Fid\u00e9lisation des salari\u00e9s<\/span><\/li>\n<\/ul>\n<p>&nbsp;<\/p>\n<\/div>\n\n\n\n<div class=\"wp-block-column is-layout-flow wp-block-column-is-layout-flow\">\n<h3 data-fontsize=\"17\" data-lineheight=\"25\"><img loading=\"lazy\" decoding=\"async\" class=\"wp-image-372 aligncenter\" src=\"https:\/\/osteolana.fr\/wp-content\/uploads\/2023\/01\/ICONE-PLUS-300x294.png\" alt=\"\" width=\"67\" height=\"66\" srcset=\"https:\/\/osteolana.fr\/wp-content\/uploads\/2023\/01\/ICONE-PLUS-300x294.png 300w, https:\/\/osteolana.fr\/wp-content\/uploads\/2023\/01\/ICONE-PLUS-150x150.png 150w, https:\/\/osteolana.fr\/wp-content\/uploads\/2023\/01\/ICONE-PLUS-768x753.png 768w, https:\/\/osteolana.fr\/wp-content\/uploads\/2023\/01\/ICONE-PLUS-700x686.png 700w, https:\/\/osteolana.fr\/wp-content\/uploads\/2023\/01\/ICONE-PLUS-520x510.png 520w, https:\/\/osteolana.fr\/wp-content\/uploads\/2023\/01\/ICONE-PLUS-360x353.png 360w, https:\/\/osteolana.fr\/wp-content\/uploads\/2023\/01\/ICONE-PLUS-250x245.png 250w, https:\/\/osteolana.fr\/wp-content\/uploads\/2023\/01\/ICONE-PLUS-100x98.png 100w, https:\/\/osteolana.fr\/wp-content\/uploads\/2023\/01\/ICONE-PLUS.png 931w\" sizes=\"(max-width: 67px) 100vw, 67px\" \/><\/h3>\n<h3 style=\"text-align: justify;\" data-fontsize=\"17\" data-lineheight=\"25\"><span style=\"color: #59998b;\"><strong><span style=\"font-family: verdana, geneva, sans-serif; font-size: 14pt;\"><span style=\"font-size: 12pt;\"> L\u2019apport b\u00e9n\u00e9fique de l&rsquo;ost\u00e9opathie pour les salari\u00e9s<\/span><\/span><\/strong><\/span><\/h3>\n<ul style=\"list-style-type: circle;\">\n<li class=\"fusion-li-item-content\" style=\"text-align: justify;\"><span style=\"font-family: verdana, geneva, sans-serif; font-size: 10pt;\">Diminution des douleurs dues au travail.<\/span><\/li>\n<li class=\"fusion-li-item-content\" style=\"text-align: justify;\"><span style=\"font-family: verdana, geneva, sans-serif; font-size: 10pt;\">Diminution du stress.<\/span><\/li>\n<li class=\"fusion-li-item-content\" style=\"text-align: justify;\"><span style=\"font-family: verdana, geneva, sans-serif; font-size: 10pt;\">Installation de confiance au sein du personnel.<\/span><\/li>\n<li class=\"fusion-li-item-content\" style=\"text-align: justify;\"><span style=\"font-family: verdana, geneva, sans-serif; font-size: 10pt;\">Apport du bien \u00eatre au sein du collectif.<\/span><\/li>\n<li class=\"fusion-li-item-content\" style=\"text-align: justify;\"><span style=\"font-family: verdana, geneva, sans-serif; font-size: 10pt;\">Am\u00e9lioration des relations hi\u00e9rarchiques.<\/span><\/li>\n<\/ul>\n<p>&nbsp;<\/p>\n\n\n<\/div>\n<\/div>\n\n\n\n<div class=\"wp-block-columns is-layout-flex wp-container-core-columns-is-layout-5 wp-block-columns-is-layout-flex\">\n<div class=\"wp-block-column is-layout-flow wp-block-column-is-layout-flow\">\n<p><img loading=\"lazy\" decoding=\"async\" class=\"wp-image-374 aligncenter\" src=\"https:\/\/osteolana.fr\/wp-content\/uploads\/2023\/01\/icone-agenda-1-300x279.png\" alt=\"\" width=\"75\" height=\"70\" srcset=\"https:\/\/osteolana.fr\/wp-content\/uploads\/2023\/01\/icone-agenda-1-300x279.png 300w, https:\/\/osteolana.fr\/wp-content\/uploads\/2023\/01\/icone-agenda-1-360x335.png 360w, https:\/\/osteolana.fr\/wp-content\/uploads\/2023\/01\/icone-agenda-1-250x232.png 250w, https:\/\/osteolana.fr\/wp-content\/uploads\/2023\/01\/icone-agenda-1-100x93.png 100w, https:\/\/osteolana.fr\/wp-content\/uploads\/2023\/01\/icone-agenda-1.png 369w\" sizes=\"(max-width: 75px) 100vw, 75px\" \/><\/p>\n<p><strong><span style=\"color: #508a86; font-family: verdana, geneva, sans-serif; font-size: 12pt;\">Un outil de prise de rendez-vous en ligne<\/span><\/strong><\/p>\n<ul style=\"list-style-type: circle;\">\n<li style=\"text-align: justify;\"><span style=\"font-size: 10pt; font-family: verdana, geneva, sans-serif;\">Module de prise de rendez-vous d\u00e9di\u00e9 \u00e0 l&rsquo;entreprise<\/span><\/li>\n<li style=\"text-align: justify;\"><span style=\"font-size: 10pt; font-family: verdana, geneva, sans-serif;\">Autonomie dans la prise de rendez-vous avec SMS de rappel<\/span><\/li>\n<li style=\"text-align: justify;\"><span style=\"font-size: 10pt; font-family: verdana, geneva, sans-serif;\">Flexibilit\u00e9 du cr\u00e9neau d&rsquo;intervention : journ\u00e9e, demi journ\u00e9e, pendant la pause d\u00e9jeuner, c&rsquo;est vous qui choisissez<\/span><\/li>\n<\/ul>\n<p>&nbsp;<\/p>\n\n\n<\/div>\n\n\n\n<div class=\"wp-block-column is-layout-flow wp-block-column-is-layout-flow\">\n<p><img loading=\"lazy\" decoding=\"async\" class=\"wp-image-448 aligncenter\" src=\"https:\/\/osteolana.fr\/wp-content\/uploads\/2023\/01\/icone-entreprise-1-265x300.png\" alt=\"\" width=\"61\" height=\"69\" srcset=\"https:\/\/osteolana.fr\/wp-content\/uploads\/2023\/01\/icone-entreprise-1-265x300.png 265w, https:\/\/osteolana.fr\/wp-content\/uploads\/2023\/01\/icone-entreprise-1-700x792.png 700w, https:\/\/osteolana.fr\/wp-content\/uploads\/2023\/01\/icone-entreprise-1-520x588.png 520w, https:\/\/osteolana.fr\/wp-content\/uploads\/2023\/01\/icone-entreprise-1-360x407.png 360w, https:\/\/osteolana.fr\/wp-content\/uploads\/2023\/01\/icone-entreprise-1-250x283.png 250w, https:\/\/osteolana.fr\/wp-content\/uploads\/2023\/01\/icone-entreprise-1-100x113.png 100w, https:\/\/osteolana.fr\/wp-content\/uploads\/2023\/01\/icone-entreprise-1.png 725w\" sizes=\"(max-width: 61px) 100vw, 61px\" \/><\/p>\n<p><span style=\"color: #46806e; font-family: verdana, geneva, sans-serif; font-size: 12pt;\"><strong>Nous nous adaptons \u00e0 vos locaux<\/strong><\/span><\/p>\n<ul style=\"list-style-type: circle;\">\n<li style=\"text-align: justify;\"><span style=\"font-family: verdana, geneva, sans-serif; font-size: 10pt;\">Mat\u00e9riel n\u00e9cessaire \u00e0 la pratique apport\u00e9 par l&rsquo;ost\u00e9opathe<\/span><\/li>\n<li style=\"text-align: justify;\"><span style=\"font-family: verdana, geneva, sans-serif; font-size: 10pt;\">Une pi\u00e8ce de 8m2 suffit pour un cabinet \u00e9ph\u00e9m\u00e8re dans vos locaux<\/span><\/li>\n<li style=\"text-align: justify;\"><span style=\"font-family: verdana, geneva, sans-serif; font-size: 10pt;\">Vous choisissez la fr\u00e9quence d&rsquo;intervention : ponctuelle, hebdomadaire, mensuelle, trimestrielle<\/span><\/li>\n<\/ul>\n<p>&nbsp;<\/p>\n<\/div>\n<\/div>\n\n\n\n<figure class=\"wp-block-pullquote has-black-color has-text-color has-medium-font-size\"><blockquote><p><strong>Savez vous que votre entreprise n&rsquo;a la plupart du temps rien \u00e0 d\u00e9bourser pour l&rsquo;intervention d&rsquo;un ost\u00e9opathe ?<\/strong><\/p><\/blockquote><\/figure>\n\n\n<p><!-- \/wp:columns --><\/p>\n<p><!-- \/wp:columns --><\/p>\n<p><!-- wp:tadv\/classic-paragraph \/--><\/p>\n<p><!-- wp:tadv\/classic-paragraph --><\/p>\n<div class=\"wp-block-buttons\">\n<p><!-- \/wp:button --><\/p>\n<\/div>\n<p><!-- \/wp:buttons --><\/p>\n<p><!-- wp:tadv\/classic-paragraph --><\/p>\n<p style=\"text-align: center;\"><span style=\"font-size: 18pt;\">POUR EN SAVOIR PLUS, CONTACTEZ NOUS !<\/span><\/p>\n<p><!-- \/wp:tadv\/classic-paragraph --><\/p>\n<p><!-- wp:columns --><\/p>\n<div class=\"wp-block-columns\"><!-- wp:column -->\n<div class=\"wp-block-column\"><!-- wp:tadv\/classic-paragraph -->\n<p><img loading=\"lazy\" decoding=\"async\" class=\"wp-image-440 aligncenter\" src=\"https:\/\/osteolana.fr\/wp-content\/uploads\/2023\/01\/icone-tel-293x300.png\" alt=\"\" width=\"89\" height=\"91\" srcset=\"https:\/\/osteolana.fr\/wp-content\/uploads\/2023\/01\/icone-tel-293x300.png 293w, https:\/\/osteolana.fr\/wp-content\/uploads\/2023\/01\/icone-tel-700x716.png 700w, https:\/\/osteolana.fr\/wp-content\/uploads\/2023\/01\/icone-tel-520x532.png 520w, https:\/\/osteolana.fr\/wp-content\/uploads\/2023\/01\/icone-tel-360x368.png 360w, https:\/\/osteolana.fr\/wp-content\/uploads\/2023\/01\/icone-tel-250x256.png 250w, https:\/\/osteolana.fr\/wp-content\/uploads\/2023\/01\/icone-tel-100x102.png 100w, https:\/\/osteolana.fr\/wp-content\/uploads\/2023\/01\/icone-tel.png 716w\" sizes=\"(max-width: 89px) 100vw, 89px\" \/><\/p>\n<p style=\"text-align: center;\"><span style=\"font-size: 18pt;\">06 87 00 39 71<\/span><\/p>\n<p><!-- \/wp:tadv\/classic-paragraph --><\/p>\n<\/div>\n<p><!-- \/wp:column --><\/p>\n<p><!-- wp:column --><\/p>\n<div class=\"wp-block-column\"><!-- wp:tadv\/classic-paragraph -->\n<p><img loading=\"lazy\" decoding=\"async\" class=\"wp-image-441 aligncenter\" src=\"https:\/\/osteolana.fr\/wp-content\/uploads\/2023\/01\/icone-mail-296x300.png\" alt=\"\" width=\"101\" height=\"103\" srcset=\"https:\/\/osteolana.fr\/wp-content\/uploads\/2023\/01\/icone-mail-296x300.png 296w, https:\/\/osteolana.fr\/wp-content\/uploads\/2023\/01\/icone-mail-768x778.png 768w, https:\/\/osteolana.fr\/wp-content\/uploads\/2023\/01\/icone-mail-700x709.png 700w, https:\/\/osteolana.fr\/wp-content\/uploads\/2023\/01\/icone-mail-520x527.png 520w, https:\/\/osteolana.fr\/wp-content\/uploads\/2023\/01\/icone-mail-360x365.png 360w, https:\/\/osteolana.fr\/wp-content\/uploads\/2023\/01\/icone-mail-250x253.png 250w, https:\/\/osteolana.fr\/wp-content\/uploads\/2023\/01\/icone-mail-100x101.png 100w, https:\/\/osteolana.fr\/wp-content\/uploads\/2023\/01\/icone-mail.png 785w\" sizes=\"(max-width: 101px) 100vw, 101px\" \/><\/p>\n<p style=\"text-align: center;\">j.hirigoyen@osteolana.fr<\/p>\n<p><!-- \/wp:tadv\/classic-paragraph --><\/p>\n<\/div>\n<p><!-- \/wp:column --><\/p>\n<\/div>\n<p><!-- \/wp:columns --><\/p>","protected":false},"excerpt":{"rendered":"<p>Faites appel \u00e0 l&rsquo;ost\u00e9opathie et diminuez vos arr\u00eats de travail avec OSTEOLANA, un service national d\u00e9di\u00e9 \u00e0 l&rsquo;entreprise &nbsp; Une d\u00e9marche pr\u00e9ventive et curative Un atout \u00e9conomique pour l&rsquo;entreprise Facilit\u00e9 d&rsquo;acc\u00e8s aux soins Les troubles musculo-squelettiques, le stress et le [&hellip;]<\/p>\n","protected":false},"author":1,"featured_media":0,"parent":0,"menu_order":0,"comment_status":"closed","ping_status":"closed","template":"","meta":{"footnotes":""},"_links":{"self":[{"href":"https:\/\/osteolana.fr\/index.php\/wp-json\/wp\/v2\/pages\/12"}],"collection":[{"href":"https:\/\/osteolana.fr\/index.php\/wp-json\/wp\/v2\/pages"}],"about":[{"href":"https:\/\/osteolana.fr\/index.php\/wp-json\/wp\/v2\/types\/page"}],"author":[{"embeddable":true,"href":"https:\/\/osteolana.fr\/index.php\/wp-json\/wp\/v2\/users\/1"}],"replies":[{"embeddable":true,"href":"https:\/\/osteolana.fr\/index.php\/wp-json\/wp\/v2\/comments?post=12"}],"version-history":[{"count":72,"href":"https:\/\/osteolana.fr\/index.php\/wp-json\/wp\/v2\/pages\/12\/revisions"}],"predecessor-version":[{"id":599,"href":"https:\/\/osteolana.fr\/index.php\/wp-json\/wp\/v2\/pages\/12\/revisions\/599"}],"wp:attachment":[{"href":"https:\/\/osteolana.fr\/index.php\/wp-json\/wp\/v2\/media?parent=12"}],"curies":[{"name":"wp","href":"https:\/\/api.w.org\/{rel}","templated":true}]}}