{"id":99,"date":"2019-01-07T19:52:00","date_gmt":"2019-01-07T18:52:00","guid":{"rendered":"http:\/\/osteolana.fr\/?page_id=99"},"modified":"2023-01-17T15:26:23","modified_gmt":"2023-01-17T14:26:23","slug":"financement","status":"publish","type":"page","link":"https:\/\/osteolana.fr\/index.php\/financement\/","title":{"rendered":"Financement"},"content":{"rendered":"<p>\u00a0<\/p>\n<p>\u00a0<\/p>\n<p style=\"text-align: justify;\"><span style=\"font-family: verdana, geneva, sans-serif; font-size: 14pt;\"><span style=\"color: #50ada4;\"><strong>OSTEOLANA<\/strong> <\/span>vous propose un service d&rsquo;ost\u00e9opathie en entreprise visant \u00e0 <strong>faciliter l&rsquo;acc\u00e8s aux soins<\/strong> pour vos salari\u00e9s.<\/span><\/p>\n<p style=\"text-align: justify;\"><span style=\"font-family: verdana, geneva, sans-serif; font-size: 14pt;\">Les tarifs de nos interventions sont \u00e9tudi\u00e9s<strong> en fonction des besoins<\/strong> de votre entreprise. Nous vous fournirons un devis adapt\u00e9 en cas de demande particuli\u00e8re.<\/span><\/p>\n<p style=\"text-align: justify;\"><img loading=\"lazy\" decoding=\"async\" class=\"wp-image-434 aligncenter\" src=\"https:\/\/osteolana.fr\/wp-content\/uploads\/2023\/01\/icone-devis.png\" alt=\"\" width=\"124\" height=\"124\" srcset=\"https:\/\/osteolana.fr\/wp-content\/uploads\/2023\/01\/icone-devis.png 256w, https:\/\/osteolana.fr\/wp-content\/uploads\/2023\/01\/icone-devis-150x150.png 150w, https:\/\/osteolana.fr\/wp-content\/uploads\/2023\/01\/icone-devis-250x250.png 250w, https:\/\/osteolana.fr\/wp-content\/uploads\/2023\/01\/icone-devis-100x100.png 100w\" sizes=\"(max-width: 124px) 100vw, 124px\" \/><\/p>\n<p>\u00a0<\/p>\n<p style=\"text-align: justify;\"><span style=\"font-size: 14pt; font-family: verdana, geneva, sans-serif;\">Le co\u00fbt de la s\u00e9ance peut \u00eatre pris en charge :<\/span><\/p>\n<ul style=\"list-style-type: disc;\">\n<li style=\"text-align: justify;\"><span style=\"font-size: 14pt; font-family: verdana, geneva, sans-serif;\">par la <strong>mutuelle d&rsquo;entreprise<\/strong> : une facture est alors d\u00e9livr\u00e9e aux salari\u00e9s pour pouvoir b\u00e9n\u00e9ficier du remboursement<\/span><\/li>\n<li style=\"text-align: justify;\"><span style=\"font-size: 14pt; font-family: verdana, geneva, sans-serif;\">par <strong>l&rsquo;entreprise<\/strong> qui prend en charge l&rsquo;int\u00e9gralit\u00e9 ou une partie de la s\u00e9ance<\/span><\/li>\n<\/ul>\n\n<div class=\"wp-block-image\">\n<figure class=\"aligncenter size-full is-resized\"><img loading=\"lazy\" decoding=\"async\" src=\"https:\/\/osteolana.fr\/wp-content\/uploads\/2023\/01\/icone-rembourse.png\" alt=\"\" class=\"wp-image-436\" width=\"133\" height=\"133\" srcset=\"https:\/\/osteolana.fr\/wp-content\/uploads\/2023\/01\/icone-rembourse.png 870w, https:\/\/osteolana.fr\/wp-content\/uploads\/2023\/01\/icone-rembourse-300x300.png 300w, https:\/\/osteolana.fr\/wp-content\/uploads\/2023\/01\/icone-rembourse-150x150.png 150w, https:\/\/osteolana.fr\/wp-content\/uploads\/2023\/01\/icone-rembourse-768x766.png 768w, https:\/\/osteolana.fr\/wp-content\/uploads\/2023\/01\/icone-rembourse-700x698.png 700w, https:\/\/osteolana.fr\/wp-content\/uploads\/2023\/01\/icone-rembourse-520x519.png 520w, https:\/\/osteolana.fr\/wp-content\/uploads\/2023\/01\/icone-rembourse-360x359.png 360w, https:\/\/osteolana.fr\/wp-content\/uploads\/2023\/01\/icone-rembourse-250x249.png 250w, https:\/\/osteolana.fr\/wp-content\/uploads\/2023\/01\/icone-rembourse-100x100.png 100w\" sizes=\"(max-width: 133px) 100vw, 133px\" \/><\/figure><\/div>","protected":false},"excerpt":{"rendered":"<p>\u00a0 \u00a0 OSTEOLANA vous propose un service d&rsquo;ost\u00e9opathie en entreprise visant \u00e0 faciliter l&rsquo;acc\u00e8s aux soins pour vos salari\u00e9s. Les tarifs de nos interventions sont \u00e9tudi\u00e9s en fonction des besoins de votre entreprise. Nous vous fournirons un devis adapt\u00e9 en [&hellip;]<\/p>\n","protected":false},"author":1,"featured_media":0,"parent":0,"menu_order":2,"comment_status":"closed","ping_status":"closed","template":"","meta":{"footnotes":""},"_links":{"self":[{"href":"https:\/\/osteolana.fr\/index.php\/wp-json\/wp\/v2\/pages\/99"}],"collection":[{"href":"https:\/\/osteolana.fr\/index.php\/wp-json\/wp\/v2\/pages"}],"about":[{"href":"https:\/\/osteolana.fr\/index.php\/wp-json\/wp\/v2\/types\/page"}],"author":[{"embeddable":true,"href":"https:\/\/osteolana.fr\/index.php\/wp-json\/wp\/v2\/users\/1"}],"replies":[{"embeddable":true,"href":"https:\/\/osteolana.fr\/index.php\/wp-json\/wp\/v2\/comments?post=99"}],"version-history":[{"count":6,"href":"https:\/\/osteolana.fr\/index.php\/wp-json\/wp\/v2\/pages\/99\/revisions"}],"predecessor-version":[{"id":437,"href":"https:\/\/osteolana.fr\/index.php\/wp-json\/wp\/v2\/pages\/99\/revisions\/437"}],"wp:attachment":[{"href":"https:\/\/osteolana.fr\/index.php\/wp-json\/wp\/v2\/media?parent=99"}],"curies":[{"name":"wp","href":"https:\/\/api.w.org\/{rel}","templated":true}]}}